{"id":33,"date":"2025-09-06T11:21:31","date_gmt":"2025-09-06T08:21:31","guid":{"rendered":"https:\/\/fidanakustik.com\/?page_id=33"},"modified":"2025-09-06T18:51:23","modified_gmt":"2025-09-06T15:51:23","slug":"hakkimizda","status":"publish","type":"page","link":"https:\/\/fidanakustik.com\/?page_id=33","title":{"rendered":"Hakk\u0131m\u0131zda"},"content":{"rendered":"\n<p><\/p>\n\n\n\n<p><strong><mark style=\"background-color:rgba(0, 0, 0, 0)\" class=\"has-inline-color has-kubio-color-6-color\">HAKKIMIZDA<\/mark><\/strong><\/p>\n\n\n\n<p>Fidan Akustik, 1990\u2019dan beri hizmet vermekte olan k\u00f6kl\u00fc ve g\u00fcvenilir bir firmad\u0131r. Uzun y\u0131llara dayanan tecr\u00fcbesiyle akustik uygulamalar, boya hizmetleri, asma tavan sistemleri, ta\u015f y\u00fcn\u00fc tavan ve b\u00f6lme duvar \u00e7\u00f6z\u00fcmlerinde profesyonel hizmet sunmaktad\u0131r. Kuruldu\u011fu g\u00fcnden bu yana m\u00fc\u015fteri memnuniyetini \u00f6n planda tutarak, kaliteli malzemeler ve modern tekniklerle estetik ve dayan\u0131kl\u0131 sonu\u00e7lar \u00fcretmi\u015ftir. Fidan Akustik, hem ya\u015fam alanlar\u0131nda hem de i\u015f yerlerinde akustik konforu art\u0131rmay\u0131, mekanlar\u0131n estetik de\u011ferini y\u00fckseltmeyi ve fonksiyonel \u00e7\u00f6z\u00fcmlerle beklentilerin \u00fczerinde hizmet vermeyi hedefler. Uzman kadrosu ve yenilik\u00e7i yakla\u015f\u0131m\u0131yla sekt\u00f6rdeki geli\u015fmeleri yak\u0131ndan takip eden firma, her projede g\u00fcven, kalite ve uzun \u00f6m\u00fcrl\u00fc sonu\u00e7lar sunarak sekt\u00f6rdeki \u00f6nc\u00fc konumunu korumaya devam etmektedir<\/p>\n\n\n","protected":false},"excerpt":{"rendered":"<p>HAKKIMIZDA Fidan Akustik, 1990\u2019dan beri hizmet vermekte olan k\u00f6kl\u00fc ve g\u00fcvenilir bir firmad\u0131r. Uzun y\u0131llara dayanan tecr\u00fcbesiyle akustik uygulamalar, boya hizmetleri, asma tavan sistemleri, ta\u015f y\u00fcn\u00fc tavan ve b\u00f6lme duvar \u00e7\u00f6z\u00fcmlerinde profesyonel hizmet sunmaktad\u0131r. Kuruldu\u011fu g\u00fcnden bu yana m\u00fc\u015fteri memnuniyetini \u00f6n planda tutarak, kaliteli malzemeler ve modern tekniklerle estetik ve dayan\u0131kl\u0131 sonu\u00e7lar \u00fcretmi\u015ftir. Fidan Akustik, [&hellip;]<\/p>\n","protected":false},"author":1,"featured_media":0,"parent":0,"menu_order":0,"comment_status":"closed","ping_status":"closed","template":"full-width","meta":{"saved_in_kubio":true,"footnotes":""},"class_list":["post-33","page","type-page","status-publish","hentry"],"kubio_ai_page_context":{"short_desc":"","purpose":"general"},"_hostinger_reach_plugin_has_subscription_block":false,"_hostinger_reach_plugin_is_elementor":false,"_links":{"self":[{"href":"https:\/\/fidanakustik.com\/index.php?rest_route=\/wp\/v2\/pages\/33","targetHints":{"allow":["GET"]}}],"collection":[{"href":"https:\/\/fidanakustik.com\/index.php?rest_route=\/wp\/v2\/pages"}],"about":[{"href":"https:\/\/fidanakustik.com\/index.php?rest_route=\/wp\/v2\/types\/page"}],"author":[{"embeddable":true,"href":"https:\/\/fidanakustik.com\/index.php?rest_route=\/wp\/v2\/users\/1"}],"replies":[{"embeddable":true,"href":"https:\/\/fidanakustik.com\/index.php?rest_route=%2Fwp%2Fv2%2Fcomments&post=33"}],"version-history":[{"count":4,"href":"https:\/\/fidanakustik.com\/index.php?rest_route=\/wp\/v2\/pages\/33\/revisions"}],"predecessor-version":[{"id":164,"href":"https:\/\/fidanakustik.com\/index.php?rest_route=\/wp\/v2\/pages\/33\/revisions\/164"}],"wp:attachment":[{"href":"https:\/\/fidanakustik.com\/index.php?rest_route=%2Fwp%2Fv2%2Fmedia&parent=33"}],"curies":[{"name":"wp","href":"https:\/\/api.w.org\/{rel}","templated":true}]}}