{"id":35,"date":"2025-09-06T11:21:32","date_gmt":"2025-09-06T08:21:32","guid":{"rendered":"https:\/\/fidanakustik.com\/?page_id=35"},"modified":"2025-09-06T20:30:34","modified_gmt":"2025-09-06T17:30:34","slug":"ipuclari","status":"publish","type":"page","link":"https:\/\/fidanakustik.com\/?page_id=35","title":{"rendered":"Projeler"},"content":{"rendered":"\n<p><\/p>\n\n\n\n<p><\/p>\n\n\n\n<p><\/p>\n\n\n\n<p><\/p>\n\n\n\n<div class=\"wp-block-group\"><div class=\"wp-block-group__inner-container is-layout-constrained wp-block-group-is-layout-constrained\">\n\n\n<p class=\"has-text-align-center\"><strong>Atat\u00fcrk havaliman\u0131 THY ofisleri <\/strong><\/p>\n<\/div><\/div>\n\n\n\n<p><\/p>\n\n\n\n<p><\/p>\n\n\n\n<p><\/p>\n\n\n\n\n\n<p class=\"has-text-align-center\"><strong>Trendyol Depolar\u0131<\/strong><\/p>\n\n\n\n<p><\/p>\n\n\n\n<p><\/p>\n\n\n\n<p><\/p>\n\n\n\n\n\n<p class=\"has-text-align-center\"><strong>Banat fabrikas\u0131<\/strong><\/p>\n\n\n\n<p><\/p>\n\n\n\n<p><\/p>\n\n\n\n<p><\/p>\n\n\n\n\n\n<p class=\"has-text-align-center\"><strong>T\u00fcyap Fuar Merkezi <\/strong><\/p>\n\n\n\n<p><\/p>\n\n\n\n<p><\/p>\n\n\n\n<p><\/p>\n\n\n<div class=\"wp-block-image\">\n<figure class=\"aligncenter size-large is-resized\"><img loading=\"lazy\" decoding=\"async\" width=\"581\" height=\"1024\" src=\"https:\/\/fidanakustik.com\/wp-content\/uploads\/2025\/09\/WhatsApp-Image-2025-09-06-at-18.34.34-2-581x1024.jpeg\" alt=\"\" class=\"wp-image-175\" style=\"width:409px;height:auto\" srcset=\"https:\/\/fidanakustik.com\/wp-content\/uploads\/2025\/09\/WhatsApp-Image-2025-09-06-at-18.34.34-2-581x1024.jpeg 581w, https:\/\/fidanakustik.com\/wp-content\/uploads\/2025\/09\/WhatsApp-Image-2025-09-06-at-18.34.34-2-170x300.jpeg 170w, https:\/\/fidanakustik.com\/wp-content\/uploads\/2025\/09\/WhatsApp-Image-2025-09-06-at-18.34.34-2-613x1080.jpeg 613w, https:\/\/fidanakustik.com\/wp-content\/uploads\/2025\/09\/WhatsApp-Image-2025-09-06-at-18.34.34-2.jpeg 720w\" sizes=\"(max-width: 581px) 100vw, 581px\" \/><\/figure><\/div>\n\n\n<p class=\"has-text-align-center\"><strong>REF Montessori ana okullar\u0131<\/strong><\/p>\n\n\n\n<p><\/p>\n\n\n\n<p class=\"has-text-align-center\"><\/p>\n\n\n<div class=\"wp-block-image\">\n<figure class=\"aligncenter size-full\"><img loading=\"lazy\" decoding=\"async\" width=\"500\" height=\"500\" src=\"https:\/\/fidanakustik.com\/wp-content\/uploads\/2025\/09\/WhatsApp-Image-2025-08-27-at-22.28.45-1.jpeg\" alt=\"\" class=\"wp-image-158\" srcset=\"https:\/\/fidanakustik.com\/wp-content\/uploads\/2025\/09\/WhatsApp-Image-2025-08-27-at-22.28.45-1.jpeg 500w, https:\/\/fidanakustik.com\/wp-content\/uploads\/2025\/09\/WhatsApp-Image-2025-08-27-at-22.28.45-1-300x300.jpeg 300w, https:\/\/fidanakustik.com\/wp-content\/uploads\/2025\/09\/WhatsApp-Image-2025-08-27-at-22.28.45-1-150x150.jpeg 150w\" sizes=\"(max-width: 500px) 100vw, 500px\" \/><\/figure><\/div>","protected":false},"excerpt":{"rendered":"<p>Atat\u00fcrk havaliman\u0131 THY ofisleri Trendyol Depolar\u0131 Banat fabrikas\u0131 T\u00fcyap Fuar Merkezi REF Montessori ana okullar\u0131<\/p>\n","protected":false},"author":1,"featured_media":0,"parent":0,"menu_order":0,"comment_status":"closed","ping_status":"closed","template":"full-width","meta":{"saved_in_kubio":true,"footnotes":""},"class_list":["post-35","page","type-page","status-publish","hentry"],"kubio_ai_page_context":{"short_desc":"","purpose":"general"},"_hostinger_reach_plugin_has_subscription_block":false,"_hostinger_reach_plugin_is_elementor":false,"_links":{"self":[{"href":"https:\/\/fidanakustik.com\/index.php?rest_route=\/wp\/v2\/pages\/35","targetHints":{"allow":["GET"]}}],"collection":[{"href":"https:\/\/fidanakustik.com\/index.php?rest_route=\/wp\/v2\/pages"}],"about":[{"href":"https:\/\/fidanakustik.com\/index.php?rest_route=\/wp\/v2\/types\/page"}],"author":[{"embeddable":true,"href":"https:\/\/fidanakustik.com\/index.php?rest_route=\/wp\/v2\/users\/1"}],"replies":[{"embeddable":true,"href":"https:\/\/fidanakustik.com\/index.php?rest_route=%2Fwp%2Fv2%2Fcomments&post=35"}],"version-history":[{"count":5,"href":"https:\/\/fidanakustik.com\/index.php?rest_route=\/wp\/v2\/pages\/35\/revisions"}],"predecessor-version":[{"id":191,"href":"https:\/\/fidanakustik.com\/index.php?rest_route=\/wp\/v2\/pages\/35\/revisions\/191"}],"wp:attachment":[{"href":"https:\/\/fidanakustik.com\/index.php?rest_route=%2Fwp%2Fv2%2Fmedia&parent=35"}],"curies":[{"name":"wp","href":"https:\/\/api.w.org\/{rel}","templated":true}]}}